{"id":6463,"date":"2025-04-24T09:56:19","date_gmt":"2025-04-24T09:56:19","guid":{"rendered":"https:\/\/imf-ag.91-227-33-25.plesk.page\/?page_id=6463"},"modified":"2025-05-26T12:32:52","modified_gmt":"2025-05-26T12:32:52","slug":"impressum","status":"publish","type":"page","link":"https:\/\/imf-ag.91-227-33-25.plesk.page\/en\/imprint\/","title":{"rendered":"Imprint"},"content":{"rendered":"<div data-elementor-type=\"wp-page\" data-elementor-id=\"6463\" class=\"elementor elementor-6463\" data-elementor-post-type=\"page\">\n\t\t\t\t<div class=\"elementor-element elementor-element-89f9380 e-con-full e-flex e-con e-parent\" data-id=\"89f9380\" data-element_type=\"container\" data-settings=\"{&quot;background_background&quot;:&quot;classic&quot;}\">\n\t\t\t\t<\/div>\n\t\t<div class=\"elementor-element elementor-element-f875d08 e-con-full e-flex e-con e-parent\" data-id=\"f875d08\" data-element_type=\"container\">\n\t\t\t\t<div class=\"elementor-element elementor-element-4768b9e elementor-widget elementor-widget-text-editor\" data-id=\"4768b9e\" data-element_type=\"widget\" data-widget_type=\"text-editor.default\">\n\t\t\t\t<div class=\"elementor-widget-container\">\n\t\t\t\t\t\t\t\t\t<h2>Imprint<\/h2><p>International Metal Foam AG<br \/>Zeltweg 11, CH-8023 Zurich<\/p><p><strong>E-Mail:<\/strong> info@imf-ag.com<br \/><strong>Phone:<\/strong> +41 44 256 16 07<br \/><strong>Website:<\/strong> imf-ag.com<br \/><strong>Board of Directors:<\/strong> Frank Schiffer, Zurich<br \/><strong>Board of Directors:<\/strong> Prof. Dr.-Ing. Dirk Zielke, Brandenburg a. d. Havel<br \/><strong>Commercial register:<\/strong> Commercial Register Zurich<br \/><strong>VAT number:<\/strong> CHE-106.156.173<\/p><h3>Legal information<\/h3><p>EU dispute resolution Consumers have the option of submitting complaints to the EU's online dispute resolution platform: <a href=\"https:\/\/ec.europa.eu\/consumers\/odr\/main\">https:\/\/ec.europa.eu\/consumers\/odr\/main<\/a> or if you live in Austria: <a href=\"https:\/\/europakonsument.at\">https:\/\/europakonsument.at<\/a> . You can also send any complaints to the e-mail address given above.<\/p><p>Note on dispute resolution We are not willing or obliged to participate in dispute resolution proceedings before a consumer arbitration board.<\/p><p>Disclaimer for content and links We endeavor to update the content provided on this website on an ongoing basis and to present it correctly. Nevertheless, we do not guarantee the accuracy, completeness and timeliness of the information provided, especially that which originates from third parties. We reserve the right to change, add to or remove content without prior notice.<\/p><p>Our website contains links to external third-party websites over whose content we have no influence. The respective provider or operator of the pages is always responsible for the content of the linked pages. At the time of linking, no illegal content was recognizable. However, permanent monitoring of the content of the linked pages is not reasonable without concrete evidence of an infringement. If we become aware of any legal infringements, such links will be removed immediately.<\/p><p>Urheberrechtshinweis Die auf dieser Website ver\u00f6ffentlichten Inhalte, einschlie\u00dflich Grafiken, Bilder, Fotos, Texte und Videos (nachfolgend \u201eInhalte\u201c genannt), unterliegen dem Urheberrecht. Wir sind bestrebt, ausschlie\u00dflich selbst erstellte Inhalte zu verwenden oder auf lizenzfreie Materialien zur\u00fcckzugreifen und dabei geltende Urheberrechte zu wahren.<\/p><p>Licenses for certain graphics, images and photos used on this website have been acquired from external providers. Any use of this licensed content is subject to the respective license conditions. Any further use, reproduction, editing or distribution of this content is not permitted without our express consent and without observing the relevant license terms.<\/p><p>The contents of this website created by us may also not be reproduced, edited, distributed or used in any other way without prior written permission.<\/p><p>Third-party content is marked as such unless it originates from us. Should you nevertheless become aware of a possible copyright infringement, please inform us immediately. If we become aware of any infringements, we will remove the content concerned immediately.<\/p>\t\t\t\t\t\t\t\t<\/div>\n\t\t\t\t<\/div>\n\t\t\t\t<\/div>\n\t\t\t\t<\/div>","protected":false},"excerpt":{"rendered":"<p>Impressum International Metal Foam AGZeltweg 11, CH-8023 Z\u00fcrich E-Mail: info@imf-ag.comTelefon: +41 44 256 16 07Website: imf-ag.comVerwaltungsrat: Frank Schiffer, Z\u00fcrichVerwaltungsrat: Prof. Dr.-Ing. Dirk Zielke, Brandenburg a. d. HavelHandelsregister: Handelsregister Z\u00fcrichUID-Nummer: CHE-106.156.173 Rechtliche Hinweise EU-Streitschlichtung Verbraucher haben die M\u00f6glichkeit, Beschwerden an die Online-Streitbeilegungsplattform der EU zu richten: https:\/\/ec.europa.eu\/consumers\/odr\/main oder ggf. wenn Sie in \u00d6sterreich leben: https:\/\/europakonsument.at . [&hellip;]<\/p>","protected":false},"author":1,"featured_media":0,"parent":0,"menu_order":0,"comment_status":"closed","ping_status":"closed","template":"","meta":{"footnotes":""},"class_list":["post-6463","page","type-page","status-publish","hentry"],"yoast_head":"<!-- This site is optimized with the Yoast SEO plugin v24.9 - https:\/\/yoast.com\/wordpress\/plugins\/seo\/ -->\n<title>Impressum - International Metal Foam AG<\/title>\n<meta name=\"robots\" content=\"index, follow, max-snippet:-1, max-image-preview:large, max-video-preview:-1\" \/>\n<link rel=\"canonical\" href=\"https:\/\/imf-ag.91-227-33-25.plesk.page\/en\/imprint\/\" \/>\n<meta property=\"og:locale\" content=\"en_US\" \/>\n<meta property=\"og:type\" content=\"article\" \/>\n<meta property=\"og:title\" content=\"Impressum - International Metal Foam AG\" \/>\n<meta property=\"og:description\" content=\"Impressum International Metal Foam AGZeltweg 11, CH-8023 Z\u00fcrich E-Mail: info@imf-ag.comTelefon: +41 44 256 16 07Website: imf-ag.comVerwaltungsrat: Frank Schiffer, Z\u00fcrichVerwaltungsrat: Prof. Dr.-Ing. Dirk Zielke, Brandenburg a. d. HavelHandelsregister: Handelsregister Z\u00fcrichUID-Nummer: CHE-106.156.173 Rechtliche Hinweise EU-Streitschlichtung Verbraucher haben die M\u00f6glichkeit, Beschwerden an die Online-Streitbeilegungsplattform der EU zu richten: https:\/\/ec.europa.eu\/consumers\/odr\/main oder ggf. wenn Sie in \u00d6sterreich leben: https:\/\/europakonsument.at . [&hellip;]\" \/>\n<meta property=\"og:url\" content=\"https:\/\/imf-ag.91-227-33-25.plesk.page\/en\/imprint\/\" \/>\n<meta property=\"og:site_name\" content=\"International Metal Foam AG\" \/>\n<meta property=\"article:modified_time\" content=\"2025-05-26T12:32:52+00:00\" \/>\n<meta name=\"twitter:card\" content=\"summary_large_image\" \/>\n<meta name=\"twitter:label1\" content=\"Est. reading time\" \/>\n\t<meta name=\"twitter:data1\" content=\"2 minutes\" \/>\n<script type=\"application\/ld+json\" class=\"yoast-schema-graph\">{\"@context\":\"https:\/\/schema.org\",\"@graph\":[{\"@type\":\"WebPage\",\"@id\":\"https:\/\/imf-ag.91-227-33-25.plesk.page\/impressum\/\",\"url\":\"https:\/\/imf-ag.91-227-33-25.plesk.page\/impressum\/\",\"name\":\"Impressum - International Metal Foam AG\",\"isPartOf\":{\"@id\":\"https:\/\/imf-ag.91-227-33-25.plesk.page\/#website\"},\"datePublished\":\"2025-04-24T09:56:19+00:00\",\"dateModified\":\"2025-05-26T12:32:52+00:00\",\"breadcrumb\":{\"@id\":\"https:\/\/imf-ag.91-227-33-25.plesk.page\/impressum\/#breadcrumb\"},\"inLanguage\":\"en-US\",\"potentialAction\":[{\"@type\":\"ReadAction\",\"target\":[\"https:\/\/imf-ag.91-227-33-25.plesk.page\/impressum\/\"]}]},{\"@type\":\"BreadcrumbList\",\"@id\":\"https:\/\/imf-ag.91-227-33-25.plesk.page\/impressum\/#breadcrumb\",\"itemListElement\":[{\"@type\":\"ListItem\",\"position\":1,\"name\":\"Startseite\",\"item\":\"https:\/\/imf-ag.91-227-33-25.plesk.page\/\"},{\"@type\":\"ListItem\",\"position\":2,\"name\":\"Impressum\"}]},{\"@type\":\"WebSite\",\"@id\":\"https:\/\/imf-ag.91-227-33-25.plesk.page\/#website\",\"url\":\"https:\/\/imf-ag.91-227-33-25.plesk.page\/\",\"name\":\"International Metal Foam AG\",\"description\":\"\",\"potentialAction\":[{\"@type\":\"SearchAction\",\"target\":{\"@type\":\"EntryPoint\",\"urlTemplate\":\"https:\/\/imf-ag.91-227-33-25.plesk.page\/?s={search_term_string}\"},\"query-input\":{\"@type\":\"PropertyValueSpecification\",\"valueRequired\":true,\"valueName\":\"search_term_string\"}}],\"inLanguage\":\"en-US\"}]}<\/script>\n<!-- \/ Yoast SEO plugin. -->","yoast_head_json":{"title":"Impressum - International Metal Foam AG","robots":{"index":"index","follow":"follow","max-snippet":"max-snippet:-1","max-image-preview":"max-image-preview:large","max-video-preview":"max-video-preview:-1"},"canonical":"https:\/\/imf-ag.91-227-33-25.plesk.page\/en\/imprint\/","og_locale":"en_US","og_type":"article","og_title":"Impressum - International Metal Foam AG","og_description":"Impressum International Metal Foam AGZeltweg 11, CH-8023 Z\u00fcrich E-Mail: info@imf-ag.comTelefon: +41 44 256 16 07Website: imf-ag.comVerwaltungsrat: Frank Schiffer, Z\u00fcrichVerwaltungsrat: Prof. Dr.-Ing. Dirk Zielke, Brandenburg a. d. HavelHandelsregister: Handelsregister Z\u00fcrichUID-Nummer: CHE-106.156.173 Rechtliche Hinweise EU-Streitschlichtung Verbraucher haben die M\u00f6glichkeit, Beschwerden an die Online-Streitbeilegungsplattform der EU zu richten: https:\/\/ec.europa.eu\/consumers\/odr\/main oder ggf. wenn Sie in \u00d6sterreich leben: https:\/\/europakonsument.at . [&hellip;]","og_url":"https:\/\/imf-ag.91-227-33-25.plesk.page\/en\/imprint\/","og_site_name":"International Metal Foam AG","article_modified_time":"2025-05-26T12:32:52+00:00","twitter_card":"summary_large_image","twitter_misc":{"Est. reading time":"2 minutes"},"schema":{"@context":"https:\/\/schema.org","@graph":[{"@type":"WebPage","@id":"https:\/\/imf-ag.91-227-33-25.plesk.page\/impressum\/","url":"https:\/\/imf-ag.91-227-33-25.plesk.page\/impressum\/","name":"Impressum - International Metal Foam AG","isPartOf":{"@id":"https:\/\/imf-ag.91-227-33-25.plesk.page\/#website"},"datePublished":"2025-04-24T09:56:19+00:00","dateModified":"2025-05-26T12:32:52+00:00","breadcrumb":{"@id":"https:\/\/imf-ag.91-227-33-25.plesk.page\/impressum\/#breadcrumb"},"inLanguage":"en-US","potentialAction":[{"@type":"ReadAction","target":["https:\/\/imf-ag.91-227-33-25.plesk.page\/impressum\/"]}]},{"@type":"BreadcrumbList","@id":"https:\/\/imf-ag.91-227-33-25.plesk.page\/impressum\/#breadcrumb","itemListElement":[{"@type":"ListItem","position":1,"name":"Startseite","item":"https:\/\/imf-ag.91-227-33-25.plesk.page\/"},{"@type":"ListItem","position":2,"name":"Impressum"}]},{"@type":"WebSite","@id":"https:\/\/imf-ag.91-227-33-25.plesk.page\/#website","url":"https:\/\/imf-ag.91-227-33-25.plesk.page\/","name":"International Metal Foam AG","description":"","potentialAction":[{"@type":"SearchAction","target":{"@type":"EntryPoint","urlTemplate":"https:\/\/imf-ag.91-227-33-25.plesk.page\/?s={search_term_string}"},"query-input":{"@type":"PropertyValueSpecification","valueRequired":true,"valueName":"search_term_string"}}],"inLanguage":"en-US"}]}},"_links":{"self":[{"href":"https:\/\/imf-ag.91-227-33-25.plesk.page\/en\/wp-json\/wp\/v2\/pages\/6463","targetHints":{"allow":["GET"]}}],"collection":[{"href":"https:\/\/imf-ag.91-227-33-25.plesk.page\/en\/wp-json\/wp\/v2\/pages"}],"about":[{"href":"https:\/\/imf-ag.91-227-33-25.plesk.page\/en\/wp-json\/wp\/v2\/types\/page"}],"author":[{"embeddable":true,"href":"https:\/\/imf-ag.91-227-33-25.plesk.page\/en\/wp-json\/wp\/v2\/users\/1"}],"replies":[{"embeddable":true,"href":"https:\/\/imf-ag.91-227-33-25.plesk.page\/en\/wp-json\/wp\/v2\/comments?post=6463"}],"version-history":[{"count":25,"href":"https:\/\/imf-ag.91-227-33-25.plesk.page\/en\/wp-json\/wp\/v2\/pages\/6463\/revisions"}],"predecessor-version":[{"id":7935,"href":"https:\/\/imf-ag.91-227-33-25.plesk.page\/en\/wp-json\/wp\/v2\/pages\/6463\/revisions\/7935"}],"wp:attachment":[{"href":"https:\/\/imf-ag.91-227-33-25.plesk.page\/en\/wp-json\/wp\/v2\/media?parent=6463"}],"curies":[{"name":"wp","href":"https:\/\/api.w.org\/{rel}","templated":true}]}}