{"id":6030,"date":"2025-04-22T10:07:48","date_gmt":"2025-04-22T10:07:48","guid":{"rendered":"https:\/\/imf-ag.91-227-33-25.plesk.page\/?page_id=6030"},"modified":"2025-05-02T18:35:12","modified_gmt":"2025-05-02T18:35:12","slug":"laender","status":"publish","type":"page","link":"https:\/\/imf-ag.91-227-33-25.plesk.page\/hi\/laender\/","title":{"rendered":"\u0926\u0947\u0936\u094b\u0902"},"content":{"rendered":"<div data-elementor-type=\"wp-page\" data-elementor-id=\"6030\" class=\"elementor elementor-6030\" data-elementor-post-type=\"page\">\n\t\t\t\t<div class=\"elementor-element elementor-element-0aa3f7a e-con-full e-flex e-con e-parent\" data-id=\"0aa3f7a\" data-element_type=\"container\" data-settings=\"{&quot;background_background&quot;:&quot;classic&quot;}\">\n\t\t\t\t<div class=\"elementor-element elementor-element-8c59d33 elementor-widget elementor-widget-heading\" data-id=\"8c59d33\" data-element_type=\"widget\" data-widget_type=\"heading.default\">\n\t\t\t\t<div class=\"elementor-widget-container\">\n\t\t\t\t\t<h2 class=\"elementor-heading-title elementor-size-default\">\u0926\u0947\u0936\u094b\u0902<\/h2>\t\t\t\t<\/div>\n\t\t\t\t<\/div>\n\t\t<div class=\"elementor-element elementor-element-4d4c2bf e-con-full e-flex e-con e-child\" data-id=\"4d4c2bf\" data-element_type=\"container\">\n\t\t<div class=\"elementor-element elementor-element-bdb94c5 e-con-full e-flex e-con e-child\" data-id=\"bdb94c5\" data-element_type=\"container\" data-settings=\"{&quot;background_background&quot;:&quot;classic&quot;}\">\n\t\t\t\t<\/div>\n\t\t<div class=\"elementor-element elementor-element-72f7af0 e-con-full e-flex e-con e-child\" data-id=\"72f7af0\" data-element_type=\"container\" data-settings=\"{&quot;background_background&quot;:&quot;classic&quot;}\">\n\t\t\t\t<div class=\"elementor-element elementor-element-81e58e9 elementor-widget elementor-widget-heading\" data-id=\"81e58e9\" data-element_type=\"widget\" data-widget_type=\"heading.default\">\n\t\t\t\t<div class=\"elementor-widget-container\">\n\t\t\t\t\t<h2 class=\"elementor-heading-title elementor-size-default\">Globale Technologie. Lokale Wirkung.\n\n<\/h2>\t\t\t\t<\/div>\n\t\t\t\t<\/div>\n\t\t\t\t<\/div>\n\t\t\t\t<\/div>\n\t\t\t\t<\/div>\n\t\t<div class=\"elementor-element elementor-element-9030c38 e-con-full e-flex e-con e-child\" data-id=\"9030c38\" data-element_type=\"container\">\n\t\t<div class=\"elementor-element elementor-element-455d480 e-con-full e-flex e-con e-child\" data-id=\"455d480\" data-element_type=\"container\" data-settings=\"{&quot;background_background&quot;:&quot;classic&quot;}\">\n\t\t<div class=\"elementor-element elementor-element-cab7623 e-con-full elementor-hidden-tablet elementor-hidden-mobile e-flex e-con e-child\" data-id=\"cab7623\" data-element_type=\"container\" data-settings=\"{&quot;background_background&quot;:&quot;classic&quot;}\">\n\t\t\t\t<div class=\"elementor-element elementor-element-2143995 elementor-widget elementor-widget-heading\" data-id=\"2143995\" data-element_type=\"widget\" data-widget_type=\"heading.default\">\n\t\t\t\t<div class=\"elementor-widget-container\">\n\t\t\t\t\t<h2 class=\"elementor-heading-title elementor-size-default\">IMF weltweit \u2013 und n\u00e4her, als Sie denken.<\/h2>\t\t\t\t<\/div>\n\t\t\t\t<\/div>\n\t\t\t\t<\/div>\n\t\t\t\t<\/div>\n\t\t<div class=\"elementor-element elementor-element-f2b0ae3 e-con-full e-flex e-con e-child\" data-id=\"f2b0ae3\" data-element_type=\"container\">\n\t\t<div class=\"elementor-element elementor-element-3b4eb5d e-con-full e-flex e-con e-child\" data-id=\"3b4eb5d\" data-element_type=\"container\">\n\t\t\t\t<div class=\"elementor-element elementor-element-b2fd66f elementor-widget elementor-widget-heading\" data-id=\"b2fd66f\" data-element_type=\"widget\" data-widget_type=\"heading.default\">\n\t\t\t\t<div class=\"elementor-widget-container\">\n\t\t\t\t\t<h3 class=\"elementor-heading-title elementor-size-default\">Weltweit aktiv. International verwurzelt.<\/h3>\t\t\t\t<\/div>\n\t\t\t\t<\/div>\n\t\t\t\t<div class=\"elementor-element elementor-element-0120bd1 elementor-widget-divider--view-line elementor-invisible elementor-widget elementor-widget-divider\" data-id=\"0120bd1\" data-element_type=\"widget\" data-settings=\"{&quot;_animation&quot;:&quot;fadeInUp&quot;}\" data-widget_type=\"divider.default\">\n\t\t\t\t<div class=\"elementor-widget-container\">\n\t\t\t\t\t\t\t<div class=\"elementor-divider\">\n\t\t\t<span class=\"elementor-divider-separator\">\n\t\t\t\t\t\t<\/span>\n\t\t<\/div>\n\t\t\t\t\t\t<\/div>\n\t\t\t\t<\/div>\n\t\t\t\t<\/div>\n\t\t\t\t<div class=\"elementor-element elementor-element-c0a9a4e elementor-widget elementor-widget-heading\" data-id=\"c0a9a4e\" data-element_type=\"widget\" data-widget_type=\"heading.default\">\n\t\t\t\t<div class=\"elementor-widget-container\">\n\t\t\t\t\t<h2 class=\"elementor-heading-title elementor-size-default\">Unsere Technologie kennt keine Grenzen.<\/h2>\t\t\t\t<\/div>\n\t\t\t\t<\/div>\n\t\t\t\t<div class=\"elementor-element elementor-element-7362816 elementor-widget elementor-widget-text-editor\" data-id=\"7362816\" data-element_type=\"widget\" data-widget_type=\"text-editor.default\">\n\t\t\t\t<div class=\"elementor-widget-container\">\n\t\t\t\t\t\t\t\t\t<p class=\"\" data-start=\"529\" data-end=\"856\">Die International Metal Foam AG ist global vernetzt \u2013 und lokal verankert. \u00dcber ein intelligentes Lizenzmodell, exklusive Produktionsrechte und langj\u00e4hrige Vertriebspartnerschaften bringen wir unsere Technologie dorthin, wo sie gebraucht wird: direkt in die Regionen, in denen Schutz nicht nur gew\u00fcnscht, sondern notwendig ist.<\/p><p class=\"\" data-start=\"858\" data-end=\"1282\">Unsere L\u00f6sungen werden heute in mehr als 40 L\u00e4ndern weltweit eingesetzt \u2013 von Europa \u00fcber Asien bis Nord- und S\u00fcdamerika. Und jedes Projekt, jede Produktion vor Ort folgt dabei einem klaren Prinzip: Verantwortung teilen, Qualit\u00e4t sichern, Wertsch\u00f6pfung regional erm\u00f6glichen. Denn wir glauben, dass echte St\u00e4rke nicht nur darin liegt, international zu agieren \u2013 sondern dabei lokale Strukturen zu respektieren und zu st\u00e4rken.<\/p><p class=\"\" data-start=\"1284\" data-end=\"1587\">Unsere Partner sind nicht blo\u00df Teil eines Vertriebsnetzes. Sie sind technologische Mittr\u00e4ger, kulturelle Br\u00fcckenbauer und strategische Wegbereiter. Ob Produktionslizenz, Gebietslizenz oder modulare Systemintegration: Gemeinsam gestalten wir ein Netzwerk, das weltweit wirkt \u2013 aber immer vor Ort beginnt.<\/p>\t\t\t\t\t\t\t\t<\/div>\n\t\t\t\t<\/div>\n\t\t\t\t<div class=\"elementor-element elementor-element-9779ac4 elementor-icon-list--layout-traditional elementor-list-item-link-full_width elementor-widget elementor-widget-icon-list\" data-id=\"9779ac4\" data-element_type=\"widget\" data-widget_type=\"icon-list.default\">\n\t\t\t\t<div class=\"elementor-widget-container\">\n\t\t\t\t\t\t\t<ul class=\"elementor-icon-list-items\">\n\t\t\t\t\t\t\t<li class=\"elementor-icon-list-item\">\n\t\t\t\t\t\t\t\t\t\t\t<span class=\"elementor-icon-list-icon\">\n\t\t\t\t\t\t\t<svg xmlns=\"http:\/\/www.w3.org\/2000\/svg\" id=\"Layer_2_00000010271441107486351150000010477319527041378456_\" viewbox=\"0 0 512 512\"><g id=\"Hexagon\"><path d=\"m256 34.6 191.7 110.7v221.4l-191.7 110.7-191.7-110.7v-221.4zm0-34.6-221.7 128v256l221.7 128 221.7-128v-256z\" fill=\"#4eb3f2\"><\/path><path d=\"m256 0v34.6l191.7 110.7v221.4l-191.7 110.7v34.6l221.7-128v-256z\" fill=\"#07c\"><\/path><\/g><\/svg>\t\t\t\t\t\t<\/span>\n\t\t\t\t\t\t\t\t\t\t<span class=\"elementor-icon-list-text\">40+ L\u00e4nder, ein System<\/span>\n\t\t\t\t\t\t\t\t\t<\/li>\n\t\t\t\t\t\t\t\t<li class=\"elementor-icon-list-item\">\n\t\t\t\t\t\t\t\t\t\t\t<span class=\"elementor-icon-list-icon\">\n\t\t\t\t\t\t\t<svg xmlns=\"http:\/\/www.w3.org\/2000\/svg\" id=\"Layer_2_00000010271441107486351150000010477319527041378456_\" viewbox=\"0 0 512 512\"><g id=\"Hexagon\"><path d=\"m256 34.6 191.7 110.7v221.4l-191.7 110.7-191.7-110.7v-221.4zm0-34.6-221.7 128v256l221.7 128 221.7-128v-256z\" fill=\"#4eb3f2\"><\/path><path d=\"m256 0v34.6l191.7 110.7v221.4l-191.7 110.7v34.6l221.7-128v-256z\" fill=\"#07c\"><\/path><\/g><\/svg>\t\t\t\t\t\t<\/span>\n\t\t\t\t\t\t\t\t\t\t<span class=\"elementor-icon-list-text\">Lokal produzieren \u2013 regional profitieren<\/span>\n\t\t\t\t\t\t\t\t\t<\/li>\n\t\t\t\t\t\t\t\t<li class=\"elementor-icon-list-item\">\n\t\t\t\t\t\t\t\t\t\t\t<span class=\"elementor-icon-list-icon\">\n\t\t\t\t\t\t\t<svg xmlns=\"http:\/\/www.w3.org\/2000\/svg\" id=\"Layer_2_00000010271441107486351150000010477319527041378456_\" viewbox=\"0 0 512 512\"><g id=\"Hexagon\"><path d=\"m256 34.6 191.7 110.7v221.4l-191.7 110.7-191.7-110.7v-221.4zm0-34.6-221.7 128v256l221.7 128 221.7-128v-256z\" fill=\"#4eb3f2\"><\/path><path d=\"m256 0v34.6l191.7 110.7v221.4l-191.7 110.7v34.6l221.7-128v-256z\" fill=\"#07c\"><\/path><\/g><\/svg>\t\t\t\t\t\t<\/span>\n\t\t\t\t\t\t\t\t\t\t<span class=\"elementor-icon-list-text\">Partnerschaft mit Substanz<\/span>\n\t\t\t\t\t\t\t\t\t<\/li>\n\t\t\t\t\t\t<\/ul>\n\t\t\t\t\t\t<\/div>\n\t\t\t\t<\/div>\n\t\t\t\t<\/div>\n\t\t\t\t<\/div>\n\t\t<div class=\"elementor-element elementor-element-257fdb8 e-con-full elementor-hidden-desktop elementor-hidden-tablet elementor-hidden-mobile e-flex e-con e-parent\" data-id=\"257fdb8\" data-element_type=\"container\">\n\t\t\t\t<div class=\"elementor-element elementor-element-ca7ab18 elementor-widget elementor-widget-html\" data-id=\"ca7ab18\" data-element_type=\"widget\" data-widget_type=\"html.default\">\n\t\t\t\t<div class=\"elementor-widget-container\">\n\t\t\t\t\t<div class=\"table-container\">\r\n  <table>\r\n    <thead>\r\n      <tr>\r\n        <th>Land\/Region<\/th>\r\n        <th>Lizenz<\/th>\r\n      <\/tr>\r\n    <\/thead>\r\n\r\n    <tbody>\r\n      <tr>\r\n        <td>USA<\/td>\r\n        <td>Landeslizenz<\/td>\r\n      <\/tr>\r\n      <tr>\r\n        <td>Kanada<\/td>\r\n        <td>Landeslizenz<\/td>\r\n      <\/tr>\r\n      <tr>\r\n        <td>Gro\u00dfbritannien<\/td>\r\n        <td>Landeslizenz<\/td>\r\n      <\/tr>\r\n      <tr>\r\n        <td>Irland<\/td>\r\n        <td>Landeslizenz<\/td>\r\n      <\/tr>\r\n      <tr>\r\n        <td>Indonesien<\/td>\r\n        <td>Landesliznz<\/td>\r\n      <\/tr>\r\n      <tr>\r\n        <td>Singnapur<\/td>\r\n        <td>Landeslizenz<\/td>\r\n      <\/tr>\r\n      <tr>\r\n        <td>Japan<\/td>\r\n        <td>Landeslizenz<\/td>\r\n      <\/tr>\r\n      <tr>\r\n        <td>S\u00fcdkorea<\/td>\r\n        <td>Landeslizenz<\/td>\r\n      <\/tr>\r\n      <tr>\r\n        <td>Brasilien<\/td>\r\n        <td>Landeslizenz<\/td>\r\n      <\/tr>\r\n      <tr>\r\n        <td>Italien<\/td>\r\n        <td>Landeslizenz<\/td>\r\n      <\/tr>\r\n      <tr>\r\n        <td>Abu Dabi<\/td>\r\n        <td>\u0909\u0924\u094d\u092a\u093e\u0926\u0928 \u0932\u093e\u0907\u0938\u0947\u0902\u0938<\/td>\r\n      <\/tr>\r\n      <tr>\r\n        <td>Bahrain<\/td>\r\n        <td>Landeslizenz<\/td>\r\n      <\/tr>\r\n      <tr>\r\n        <td>Bulgarien<\/td>\r\n        <td>Landeslizenz<\/td>\r\n      <\/tr>\r\n      <tr>\r\n        <td>Frankreich<\/td>\r\n        <td>Landeslizenz<\/td>\r\n      <\/tr>\r\n      <tr>\r\n        <td>Ghana<\/td>\r\n        <td>Landeslizenz<\/td>\r\n      <\/tr>\r\n      <tr>\r\n        <td>Griechenland<\/td>\r\n        <td>Landeslizenz<\/td>\r\n      <\/tr>\r\n      <tr>\r\n        <td>Indien<\/td>\r\n        <td>Landeslizenz<\/td>\r\n      <\/tr>\r\n      <tr>\r\n        <td>Indonesien<\/td>\r\n        <td>\u0909\u0924\u094d\u092a\u093e\u0926\u0928 \u0932\u093e\u0907\u0938\u0947\u0902\u0938<\/td>\r\n      <\/tr>\r\n      <tr>\r\n        <td>Kanada<\/td>\r\n        <td>\u0909\u0924\u094d\u092a\u093e\u0926\u0928 \u0932\u093e\u0907\u0938\u0947\u0902\u0938<\/td>\r\n      <\/tr>\r\n      <tr>\r\n        <td>Kenia<\/td>\r\n        <td>Landeslizenz<\/td>\r\n      <\/tr>\r\n      <tr>\r\n        <td>Litauen<\/td>\r\n        <td>\u0909\u0924\u094d\u092a\u093e\u0926\u0928 \u0932\u093e\u0907\u0938\u0947\u0902\u0938<\/td>\r\n      <\/tr>\r\n      <tr>\r\n        <td>Malaysia<\/td>\r\n        <td>\u0909\u0924\u094d\u092a\u093e\u0926\u0928 \u0932\u093e\u0907\u0938\u0947\u0902\u0938<\/td>\r\n      <\/tr>\r\n      <tr>\r\n        <td>Marokko<\/td>\r\n        <td>\u0909\u0924\u094d\u092a\u093e\u0926\u0928 \u0932\u093e\u0907\u0938\u0947\u0902\u0938<\/td>\r\n      <\/tr>\r\n      <tr>\r\n        <td>Panama<\/td>\r\n        <td>\u0909\u0924\u094d\u092a\u093e\u0926\u0928 \u0932\u093e\u0907\u0938\u0947\u0902\u0938<\/td>\r\n      <\/tr>\r\n      <tr>\r\n        <td>Portugal<\/td>\r\n        <td>\u0909\u0924\u094d\u092a\u093e\u0926\u0928 \u0932\u093e\u0907\u0938\u0947\u0902\u0938<\/td>\r\n      <\/tr>\r\n      <tr>\r\n        <td>Saudi Arabien<\/td>\r\n        <td>Landeslizenz<\/td>\r\n      <\/tr>\r\n      <tr>\r\n        <td>Thailand<\/td>\r\n        <td>\u0909\u0924\u094d\u092a\u093e\u0926\u0928 \u0932\u093e\u0907\u0938\u0947\u0902\u0938<\/td>\r\n      <\/tr>\r\n      <tr>\r\n        <td>T\u00fcrkei<\/td>\r\n        <td>\u0909\u0924\u094d\u092a\u093e\u0926\u0928 \u0932\u093e\u0907\u0938\u0947\u0902\u0938<\/td>\r\n      <\/tr>\r\n      <tr>\r\n        <td>Ukraine<\/td>\r\n        <td>\u0909\u0924\u094d\u092a\u093e\u0926\u0928 \u0932\u093e\u0907\u0938\u0947\u0902\u0938<\/td>\r\n      <\/tr>\r\n      <tr>\r\n        <td>Vietnam<\/td>\r\n        <td>\u0909\u0924\u094d\u092a\u093e\u0926\u0928 \u0932\u093e\u0907\u0938\u0947\u0902\u0938<\/td>\r\n      <\/tr>\r\n      <tr>\r\n        <td>Aluminiumindustrie<\/td>\r\n        <td>\u0909\u0924\u094d\u092a\u093e\u0926\u0928 \u0932\u093e\u0907\u0938\u0947\u0902\u0938<\/td>\r\n      <\/tr>\r\n      <tr>\r\n        <td>Middle East<\/td>\r\n        <td>\u0909\u0924\u094d\u092a\u093e\u0926\u0928 \u0932\u093e\u0907\u0938\u0947\u0902\u0938<\/td>\r\n      <\/tr>\r\n      <tr>\r\n        <td>Middle East<\/td>\r\n        <td>\u0909\u0924\u094d\u092a\u093e\u0926\u0928 \u0932\u093e\u0907\u0938\u0947\u0902\u0938<\/td>\r\n      <\/tr>\r\n      <tr>\r\n        <td>Erweiterung Middle East<\/td>\r\n        <td>\u0909\u0924\u094d\u092a\u093e\u0926\u0928 \u0932\u093e\u0907\u0938\u0947\u0902\u0938<\/td>\r\n      <\/tr>\r\n    <\/tbody>\r\n  <\/table>\r\n<\/div>\t\t\t\t<\/div>\n\t\t\t\t<\/div>\n\t\t\t\t<\/div>\n\t\t\t\t<\/div>","protected":false},"excerpt":{"rendered":"<p>L\u00e4nder Globale Technologie. Lokale Wirkung. IMF weltweit \u2013 und n\u00e4her, als Sie denken. Weltweit aktiv. International verwurzelt. Unsere Technologie kennt keine Grenzen. Die International Metal Foam AG ist global vernetzt \u2013 und lokal verankert. \u00dcber ein intelligentes Lizenzmodell, exklusive Produktionsrechte und langj\u00e4hrige Vertriebspartnerschaften bringen wir unsere Technologie dorthin, wo sie gebraucht wird: direkt in die [&hellip;]<\/p>","protected":false},"author":2,"featured_media":0,"parent":0,"menu_order":0,"comment_status":"closed","ping_status":"closed","template":"","meta":{"footnotes":""},"class_list":["post-6030","page","type-page","status-publish","hentry"],"yoast_head":"<!-- This site is optimized with the Yoast SEO plugin v24.9 - https:\/\/yoast.com\/wordpress\/plugins\/seo\/ -->\n<title>L\u00e4nder - International Metal Foam AG<\/title>\n<meta name=\"robots\" content=\"index, follow, max-snippet:-1, max-image-preview:large, max-video-preview:-1\" \/>\n<link rel=\"canonical\" href=\"https:\/\/imf-ag.91-227-33-25.plesk.page\/hi\/laender\/\" \/>\n<meta property=\"og:locale\" content=\"hi_IN\" \/>\n<meta property=\"og:type\" content=\"article\" \/>\n<meta property=\"og:title\" content=\"L\u00e4nder - International Metal Foam AG\" \/>\n<meta property=\"og:description\" content=\"L\u00e4nder Globale Technologie. Lokale Wirkung. IMF weltweit \u2013 und n\u00e4her, als Sie denken. Weltweit aktiv. International verwurzelt. Unsere Technologie kennt keine Grenzen. Die International Metal Foam AG ist global vernetzt \u2013 und lokal verankert. \u00dcber ein intelligentes Lizenzmodell, exklusive Produktionsrechte und langj\u00e4hrige Vertriebspartnerschaften bringen wir unsere Technologie dorthin, wo sie gebraucht wird: direkt in die [&hellip;]\" \/>\n<meta property=\"og:url\" content=\"https:\/\/imf-ag.91-227-33-25.plesk.page\/hi\/laender\/\" \/>\n<meta property=\"og:site_name\" content=\"International Metal Foam AG\" \/>\n<meta property=\"article:modified_time\" content=\"2025-05-02T18:35:12+00:00\" \/>\n<meta name=\"twitter:card\" content=\"summary_large_image\" \/>\n<meta name=\"twitter:label1\" content=\"\u0905\u0928\u0941\u092e\u093e\u0928\u093f\u0924 \u092a\u0922\u093c\u0928\u0947 \u0915\u093e \u0938\u092e\u092f\" \/>\n\t<meta name=\"twitter:data1\" content=\"2 \u092e\u093f\u0928\u091f\" \/>\n<script type=\"application\/ld+json\" class=\"yoast-schema-graph\">{\"@context\":\"https:\/\/schema.org\",\"@graph\":[{\"@type\":\"WebPage\",\"@id\":\"https:\/\/imf-ag.91-227-33-25.plesk.page\/laender\/\",\"url\":\"https:\/\/imf-ag.91-227-33-25.plesk.page\/laender\/\",\"name\":\"L\u00e4nder - International Metal Foam AG\",\"isPartOf\":{\"@id\":\"https:\/\/imf-ag.91-227-33-25.plesk.page\/#website\"},\"datePublished\":\"2025-04-22T10:07:48+00:00\",\"dateModified\":\"2025-05-02T18:35:12+00:00\",\"breadcrumb\":{\"@id\":\"https:\/\/imf-ag.91-227-33-25.plesk.page\/laender\/#breadcrumb\"},\"inLanguage\":\"hi-IN\",\"potentialAction\":[{\"@type\":\"ReadAction\",\"target\":[\"https:\/\/imf-ag.91-227-33-25.plesk.page\/laender\/\"]}]},{\"@type\":\"BreadcrumbList\",\"@id\":\"https:\/\/imf-ag.91-227-33-25.plesk.page\/laender\/#breadcrumb\",\"itemListElement\":[{\"@type\":\"ListItem\",\"position\":1,\"name\":\"Startseite\",\"item\":\"https:\/\/imf-ag.91-227-33-25.plesk.page\/\"},{\"@type\":\"ListItem\",\"position\":2,\"name\":\"L\u00e4nder\"}]},{\"@type\":\"WebSite\",\"@id\":\"https:\/\/imf-ag.91-227-33-25.plesk.page\/#website\",\"url\":\"https:\/\/imf-ag.91-227-33-25.plesk.page\/\",\"name\":\"International Metal Foam AG\",\"description\":\"\",\"potentialAction\":[{\"@type\":\"SearchAction\",\"target\":{\"@type\":\"EntryPoint\",\"urlTemplate\":\"https:\/\/imf-ag.91-227-33-25.plesk.page\/?s={search_term_string}\"},\"query-input\":{\"@type\":\"PropertyValueSpecification\",\"valueRequired\":true,\"valueName\":\"search_term_string\"}}],\"inLanguage\":\"hi-IN\"}]}<\/script>\n<!-- \/ Yoast SEO plugin. -->","yoast_head_json":{"title":"L\u00e4nder - International Metal Foam AG","robots":{"index":"index","follow":"follow","max-snippet":"max-snippet:-1","max-image-preview":"max-image-preview:large","max-video-preview":"max-video-preview:-1"},"canonical":"https:\/\/imf-ag.91-227-33-25.plesk.page\/hi\/laender\/","og_locale":"hi_IN","og_type":"article","og_title":"L\u00e4nder - International Metal Foam AG","og_description":"L\u00e4nder Globale Technologie. Lokale Wirkung. IMF weltweit \u2013 und n\u00e4her, als Sie denken. Weltweit aktiv. International verwurzelt. Unsere Technologie kennt keine Grenzen. Die International Metal Foam AG ist global vernetzt \u2013 und lokal verankert. \u00dcber ein intelligentes Lizenzmodell, exklusive Produktionsrechte und langj\u00e4hrige Vertriebspartnerschaften bringen wir unsere Technologie dorthin, wo sie gebraucht wird: direkt in die [&hellip;]","og_url":"https:\/\/imf-ag.91-227-33-25.plesk.page\/hi\/laender\/","og_site_name":"International Metal Foam AG","article_modified_time":"2025-05-02T18:35:12+00:00","twitter_card":"summary_large_image","twitter_misc":{"\u0905\u0928\u0941\u092e\u093e\u0928\u093f\u0924 \u092a\u0922\u093c\u0928\u0947 \u0915\u093e \u0938\u092e\u092f":"2 \u092e\u093f\u0928\u091f"},"schema":{"@context":"https:\/\/schema.org","@graph":[{"@type":"WebPage","@id":"https:\/\/imf-ag.91-227-33-25.plesk.page\/laender\/","url":"https:\/\/imf-ag.91-227-33-25.plesk.page\/laender\/","name":"L\u00e4nder - International Metal Foam AG","isPartOf":{"@id":"https:\/\/imf-ag.91-227-33-25.plesk.page\/#website"},"datePublished":"2025-04-22T10:07:48+00:00","dateModified":"2025-05-02T18:35:12+00:00","breadcrumb":{"@id":"https:\/\/imf-ag.91-227-33-25.plesk.page\/laender\/#breadcrumb"},"inLanguage":"hi-IN","potentialAction":[{"@type":"ReadAction","target":["https:\/\/imf-ag.91-227-33-25.plesk.page\/laender\/"]}]},{"@type":"BreadcrumbList","@id":"https:\/\/imf-ag.91-227-33-25.plesk.page\/laender\/#breadcrumb","itemListElement":[{"@type":"ListItem","position":1,"name":"Startseite","item":"https:\/\/imf-ag.91-227-33-25.plesk.page\/"},{"@type":"ListItem","position":2,"name":"L\u00e4nder"}]},{"@type":"WebSite","@id":"https:\/\/imf-ag.91-227-33-25.plesk.page\/#website","url":"https:\/\/imf-ag.91-227-33-25.plesk.page\/","name":"International Metal Foam AG","description":"","potentialAction":[{"@type":"SearchAction","target":{"@type":"EntryPoint","urlTemplate":"https:\/\/imf-ag.91-227-33-25.plesk.page\/?s={search_term_string}"},"query-input":{"@type":"PropertyValueSpecification","valueRequired":true,"valueName":"search_term_string"}}],"inLanguage":"hi-IN"}]}},"_links":{"self":[{"href":"https:\/\/imf-ag.91-227-33-25.plesk.page\/hi\/wp-json\/wp\/v2\/pages\/6030","targetHints":{"allow":["GET"]}}],"collection":[{"href":"https:\/\/imf-ag.91-227-33-25.plesk.page\/hi\/wp-json\/wp\/v2\/pages"}],"about":[{"href":"https:\/\/imf-ag.91-227-33-25.plesk.page\/hi\/wp-json\/wp\/v2\/types\/page"}],"author":[{"embeddable":true,"href":"https:\/\/imf-ag.91-227-33-25.plesk.page\/hi\/wp-json\/wp\/v2\/users\/2"}],"replies":[{"embeddable":true,"href":"https:\/\/imf-ag.91-227-33-25.plesk.page\/hi\/wp-json\/wp\/v2\/comments?post=6030"}],"version-history":[{"count":55,"href":"https:\/\/imf-ag.91-227-33-25.plesk.page\/hi\/wp-json\/wp\/v2\/pages\/6030\/revisions"}],"predecessor-version":[{"id":7403,"href":"https:\/\/imf-ag.91-227-33-25.plesk.page\/hi\/wp-json\/wp\/v2\/pages\/6030\/revisions\/7403"}],"wp:attachment":[{"href":"https:\/\/imf-ag.91-227-33-25.plesk.page\/hi\/wp-json\/wp\/v2\/media?parent=6030"}],"curies":[{"name":"wp","href":"https:\/\/api.w.org\/{rel}","templated":true}]}}