{"id":5148,"date":"2025-04-17T15:47:34","date_gmt":"2025-04-17T15:47:34","guid":{"rendered":"https:\/\/imf-ag.91-227-33-25.plesk.page\/?page_id=5148"},"modified":"2025-04-29T13:50:10","modified_gmt":"2025-04-29T13:50:10","slug":"karriere","status":"publish","type":"page","link":"https:\/\/imf-ag.91-227-33-25.plesk.page\/pt\/karriere\/","title":{"rendered":"Carreira"},"content":{"rendered":"<div data-elementor-type=\"wp-page\" data-elementor-id=\"5148\" class=\"elementor elementor-5148\" data-elementor-post-type=\"page\">\n\t\t\t\t<div class=\"elementor-element elementor-element-ccef76f e-con-full e-flex e-con e-parent\" data-id=\"ccef76f\" data-element_type=\"container\" data-settings=\"{&quot;background_background&quot;:&quot;classic&quot;}\">\n\t\t\t\t<div class=\"elementor-element elementor-element-12e4924 elementor-widget elementor-widget-heading\" data-id=\"12e4924\" data-element_type=\"widget\" data-widget_type=\"heading.default\">\n\t\t\t\t<div class=\"elementor-widget-container\">\n\t\t\t\t\t<h2 class=\"elementor-heading-title elementor-size-default\">Carreira<\/h2>\t\t\t\t<\/div>\n\t\t\t\t<\/div>\n\t\t<div class=\"elementor-element elementor-element-fa468e4 e-con-full e-flex e-con e-child\" data-id=\"fa468e4\" data-element_type=\"container\">\n\t\t<div class=\"elementor-element elementor-element-b89ec6a e-con-full e-flex e-con e-child\" data-id=\"b89ec6a\" data-element_type=\"container\" data-settings=\"{&quot;background_background&quot;:&quot;classic&quot;}\">\n\t\t\t\t<\/div>\n\t\t<div class=\"elementor-element elementor-element-f1f5d8e e-con-full e-flex e-con e-child\" data-id=\"f1f5d8e\" data-element_type=\"container\" data-settings=\"{&quot;background_background&quot;:&quot;classic&quot;}\">\n\t\t\t\t<div class=\"elementor-element elementor-element-a751d58 elementor-widget elementor-widget-heading\" data-id=\"a751d58\" data-element_type=\"widget\" data-widget_type=\"heading.default\">\n\t\t\t\t<div class=\"elementor-widget-container\">\n\t\t\t\t\t<h2 class=\"elementor-heading-title elementor-size-default\">Was wir entwickeln, sch\u00fctzt Leben. Was Sie einbringen, z\u00e4hlt.<\/h2>\t\t\t\t<\/div>\n\t\t\t\t<\/div>\n\t\t\t\t<\/div>\n\t\t\t\t<\/div>\n\t\t\t\t<\/div>\n\t\t<div class=\"elementor-element elementor-element-149e6e9 e-con-full e-flex e-con e-parent\" data-id=\"149e6e9\" data-element_type=\"container\">\n\t\t<div class=\"elementor-element elementor-element-d68c16f e-con-full e-flex e-con e-child\" data-id=\"d68c16f\" data-element_type=\"container\">\n\t\t<div class=\"elementor-element elementor-element-206d811 e-con-full e-flex e-con e-child\" data-id=\"206d811\" data-element_type=\"container\">\n\t\t\t\t<div class=\"elementor-element elementor-element-35544f8 elementor-widget elementor-widget-heading\" data-id=\"35544f8\" data-element_type=\"widget\" data-widget_type=\"heading.default\">\n\t\t\t\t<div class=\"elementor-widget-container\">\n\t\t\t\t\t<h3 class=\"elementor-heading-title elementor-size-default\">Arbeiten, wo Material Zukunft bewegt.\n\n\n<\/h3>\t\t\t\t<\/div>\n\t\t\t\t<\/div>\n\t\t\t\t<div class=\"elementor-element elementor-element-24a46e6 elementor-widget-divider--view-line elementor-invisible elementor-widget elementor-widget-divider\" data-id=\"24a46e6\" data-element_type=\"widget\" data-settings=\"{&quot;_animation&quot;:&quot;fadeInUp&quot;}\" data-widget_type=\"divider.default\">\n\t\t\t\t<div class=\"elementor-widget-container\">\n\t\t\t\t\t\t\t<div class=\"elementor-divider\">\n\t\t\t<span class=\"elementor-divider-separator\">\n\t\t\t\t\t\t<\/span>\n\t\t<\/div>\n\t\t\t\t\t\t<\/div>\n\t\t\t\t<\/div>\n\t\t\t\t<\/div>\n\t\t\t\t<div class=\"elementor-element elementor-element-6b3728f elementor-widget elementor-widget-heading\" data-id=\"6b3728f\" data-element_type=\"widget\" data-widget_type=\"heading.default\">\n\t\t\t\t<div class=\"elementor-widget-container\">\n\t\t\t\t\t<h2 class=\"elementor-heading-title elementor-size-default\">\n<span style=\"color: var(--e-global-color-accent)\">Tecnologia<\/span> mit Sinn. <span style=\"color: var(--e-global-color-accent)\">Aufgaben<\/span> mit Wirkung. Ein <span style=\"color: var(--e-global-color-accent)\">Equipa<\/span>, das tr\u00e4gt.\n\n<\/h2>\t\t\t\t<\/div>\n\t\t\t\t<\/div>\n\t\t\t\t<div class=\"elementor-element elementor-element-1f383ea elementor-widget elementor-widget-text-editor\" data-id=\"1f383ea\" data-element_type=\"widget\" data-widget_type=\"text-editor.default\">\n\t\t\t\t<div class=\"elementor-widget-container\">\n\t\t\t\t\t\t\t\t\t<p class=\"\" data-start=\"536\" data-end=\"992\">Die International Metal Foam AG ist nicht nur ein Ort f\u00fcr technische Exzellenz \u2013 sondern f\u00fcr Menschen, die neugierig denken, verantwortungsvoll handeln und mit ihrem Tun wirklich etwas bewegen wollen. Bei uns entstehen L\u00f6sungen, die sch\u00fctzen, entlasten und im besten Fall Leben retten. Wir glauben an kluge Werkstoffe, klare Strukturen \u2013 und an Kolleg:innen, die mit Haltung und Herz dabei sind. Nicht alles bei uns ist Standard. Und das ist auch gut so.<\/p><p class=\"\" data-start=\"994\" data-end=\"1076\"><strong data-start=\"994\" data-end=\"1076\">Entdecken Sie IMF als Arbeitgeber \u2013 und gestalten Sie mit, was wirklich z\u00e4hlt.<\/strong><\/p>\t\t\t\t\t\t\t\t<\/div>\n\t\t\t\t<\/div>\n\t\t<div class=\"elementor-element elementor-element-2677a0a e-con-full e-flex e-con e-child\" data-id=\"2677a0a\" data-element_type=\"container\">\n\t\t<div class=\"elementor-element elementor-element-93e9cf5 e-con-full e-flex e-con e-child\" data-id=\"93e9cf5\" data-element_type=\"container\" data-settings=\"{&quot;background_background&quot;:&quot;classic&quot;}\">\n\t\t\t\t<div class=\"elementor-element elementor-element-0128cb6 elementor-widget elementor-widget-heading\" data-id=\"0128cb6\" data-element_type=\"widget\" data-widget_type=\"heading.default\">\n\t\t\t\t<div class=\"elementor-widget-container\">\n\t\t\t\t\t<h2 class=\"elementor-heading-title elementor-size-default\">Arbeiten mit echtem Impact<\/h2>\t\t\t\t<\/div>\n\t\t\t\t<\/div>\n\t\t\t\t<div class=\"elementor-element elementor-element-d54db08 elementor-widget elementor-widget-text-editor\" data-id=\"d54db08\" data-element_type=\"widget\" data-widget_type=\"text-editor.default\">\n\t\t\t\t<div class=\"elementor-widget-container\">\n\t\t\t\t\t\t\t\t\t<p data-pm-slice=\"1 1 []\">Unsere Technologien sch\u00fctzen nicht nur Strukturen, sondern Menschen \u2013 und machen den Unterschied dort, wo es z\u00e4hlt.<\/p>\t\t\t\t\t\t\t\t<\/div>\n\t\t\t\t<\/div>\n\t\t\t\t<\/div>\n\t\t<div class=\"elementor-element elementor-element-c9c25c3 e-con-full e-flex e-con e-child\" data-id=\"c9c25c3\" data-element_type=\"container\" data-settings=\"{&quot;background_background&quot;:&quot;classic&quot;}\">\n\t\t\t\t<div class=\"elementor-element elementor-element-8198293 elementor-widget elementor-widget-heading\" data-id=\"8198293\" data-element_type=\"widget\" data-widget_type=\"heading.default\">\n\t\t\t\t<div class=\"elementor-widget-container\">\n\t\t\t\t\t<h2 class=\"elementor-heading-title elementor-size-default\">Innovation mit Haltung\n<\/h2>\t\t\t\t<\/div>\n\t\t\t\t<\/div>\n\t\t\t\t<div class=\"elementor-element elementor-element-c893510 elementor-widget elementor-widget-text-editor\" data-id=\"c893510\" data-element_type=\"widget\" data-widget_type=\"text-editor.default\">\n\t\t\t\t<div class=\"elementor-widget-container\">\n\t\t\t\t\t\t\t\t\t<p class=\"\" data-start=\"327\" data-end=\"482\">Forschung ist f\u00fcr uns kein Selbstzweck, sondern ein Werkzeug f\u00fcr Verantwortung, Zukunftsf\u00e4higkeit und sinnvolle Anwendungen.<\/p>\t\t\t\t\t\t\t\t<\/div>\n\t\t\t\t<\/div>\n\t\t\t\t<\/div>\n\t\t<div class=\"elementor-element elementor-element-62cb1e5 e-con-full e-flex e-con e-child\" data-id=\"62cb1e5\" data-element_type=\"container\" data-settings=\"{&quot;background_background&quot;:&quot;classic&quot;}\">\n\t\t\t\t<div class=\"elementor-element elementor-element-40dde3d elementor-widget elementor-widget-heading\" data-id=\"40dde3d\" data-element_type=\"widget\" data-widget_type=\"heading.default\">\n\t\t\t\t<div class=\"elementor-widget-container\">\n\t\t\t\t\t<h2 class=\"elementor-heading-title elementor-size-default\">Ein Umfeld, das inspiriert<\/h2>\t\t\t\t<\/div>\n\t\t\t\t<\/div>\n\t\t\t\t<div class=\"elementor-element elementor-element-dce38df elementor-widget elementor-widget-text-editor\" data-id=\"dce38df\" data-element_type=\"widget\" data-widget_type=\"text-editor.default\">\n\t\t\t\t<div class=\"elementor-widget-container\">\n\t\t\t\t\t\t\t\t\t<p class=\"\" data-start=\"1302\" data-end=\"1378\">Interdisziplin\u00e4r, international, ideenoffen \u2013 wir f\u00f6rdern Perspektiven, die weiter denken als nur bis zur n\u00e4chsten L\u00f6sung.<\/p>\t\t\t\t\t\t\t\t<\/div>\n\t\t\t\t<\/div>\n\t\t\t\t<\/div>\n\t\t\t\t<\/div>\n\t\t\t\t<\/div>\n\t\t<div class=\"elementor-element elementor-element-8226884 e-con-full e-flex e-con e-child\" data-id=\"8226884\" data-element_type=\"container\">\n\t\t\t\t<div class=\"elementor-element elementor-element-db4cc8e elementor-widget elementor-widget-n-accordion\" data-id=\"db4cc8e\" data-element_type=\"widget\" data-settings=\"{&quot;n_accordion_animation_duration&quot;:{&quot;unit&quot;:&quot;ms&quot;,&quot;size&quot;:200,&quot;sizes&quot;:[]},&quot;default_state&quot;:&quot;expanded&quot;,&quot;max_items_expended&quot;:&quot;one&quot;}\" data-widget_type=\"nested-accordion.default\">\n\t\t\t\t<div class=\"elementor-widget-container\">\n\t\t\t\t\t\t\t<div class=\"e-n-accordion\" aria-label=\"Accordion. Open links with Enter or Space, close with Escape, and navigate with Arrow Keys\">\n\t\t\t\t\t\t<details id=\"e-n-accordion-item-2290\" class=\"e-n-accordion-item\" open>\n\t\t\t\t<summary class=\"e-n-accordion-item-title\" data-accordion-index=\"1\" tabindex=\"0\" aria-expanded=\"true\" aria-controls=\"e-n-accordion-item-2290\" >\n\t\t\t\t\t<span class='e-n-accordion-item-title-header'><div class=\"e-n-accordion-item-title-text\"> Gest\u00e3o <\/div><\/span>\n\t\t\t\t\t\t\t<span class='e-n-accordion-item-title-icon'>\n\t\t\t<span class='e-opened' ><svg aria-hidden=\"true\" class=\"e-font-icon-svg e-fas-chevron-up\" viewbox=\"0 0 448 512\" xmlns=\"http:\/\/www.w3.org\/2000\/svg\"><path d=\"M240.971 130.524l194.343 194.343c9.373 9.373 9.373 24.569 0 33.941l-22.667 22.667c-9.357 9.357-24.522 9.375-33.901.04L224 227.495 69.255 381.516c-9.379 9.335-24.544 9.317-33.901-.04l-22.667-22.667c-9.373-9.373-9.373-24.569 0-33.941L207.03 130.525c9.372-9.373 24.568-9.373 33.941-.001z\"><\/path><\/svg><\/span>\n\t\t\t<span class='e-closed'><svg aria-hidden=\"true\" class=\"e-font-icon-svg e-fas-chevron-down\" viewbox=\"0 0 448 512\" xmlns=\"http:\/\/www.w3.org\/2000\/svg\"><path d=\"M207.029 381.476L12.686 187.132c-9.373-9.373-9.373-24.569 0-33.941l22.667-22.667c9.357-9.357 24.522-9.375 33.901-.04L224 284.505l154.745-154.021c9.379-9.335 24.544-9.317 33.901.04l22.667 22.667c9.373 9.373 9.373 24.569 0 33.941L240.971 381.476c-9.373 9.372-24.569 9.372-33.942 0z\"><\/path><\/svg><\/span>\n\t\t<\/span>\n\n\t\t\t\t\t\t<\/summary>\n\t\t\t\t<div role=\"region\" aria-labelledby=\"e-n-accordion-item-2290\" class=\"elementor-element elementor-element-c0ae166 e-con-full e-flex e-con e-child\" data-id=\"c0ae166\" data-element_type=\"container\">\n\t\t\t\t<div class=\"elementor-element elementor-element-04f1f23 elementor-widget elementor-widget-heading\" data-id=\"04f1f23\" data-element_type=\"widget\" data-widget_type=\"heading.default\">\n\t\t\t\t<div class=\"elementor-widget-container\">\n\t\t\t\t\t<h2 class=\"elementor-heading-title elementor-size-default\">Derzeit keine offenen Stellen<\/h2>\t\t\t\t<\/div>\n\t\t\t\t<\/div>\n\t\t\t\t<\/div>\n\t\t\t\t\t<\/details>\n\t\t\t\t\t\t<details id=\"e-n-accordion-item-2291\" class=\"e-n-accordion-item\" >\n\t\t\t\t<summary class=\"e-n-accordion-item-title\" data-accordion-index=\"2\" tabindex=\"-1\" aria-expanded=\"false\" aria-controls=\"e-n-accordion-item-2291\" >\n\t\t\t\t\t<span class='e-n-accordion-item-title-header'><div class=\"e-n-accordion-item-title-text\"> Administration <\/div><\/span>\n\t\t\t\t\t\t\t<span class='e-n-accordion-item-title-icon'>\n\t\t\t<span class='e-opened' ><svg aria-hidden=\"true\" class=\"e-font-icon-svg e-fas-chevron-up\" viewbox=\"0 0 448 512\" xmlns=\"http:\/\/www.w3.org\/2000\/svg\"><path d=\"M240.971 130.524l194.343 194.343c9.373 9.373 9.373 24.569 0 33.941l-22.667 22.667c-9.357 9.357-24.522 9.375-33.901.04L224 227.495 69.255 381.516c-9.379 9.335-24.544 9.317-33.901-.04l-22.667-22.667c-9.373-9.373-9.373-24.569 0-33.941L207.03 130.525c9.372-9.373 24.568-9.373 33.941-.001z\"><\/path><\/svg><\/span>\n\t\t\t<span class='e-closed'><svg aria-hidden=\"true\" class=\"e-font-icon-svg e-fas-chevron-down\" viewbox=\"0 0 448 512\" xmlns=\"http:\/\/www.w3.org\/2000\/svg\"><path d=\"M207.029 381.476L12.686 187.132c-9.373-9.373-9.373-24.569 0-33.941l22.667-22.667c9.357-9.357 24.522-9.375 33.901-.04L224 284.505l154.745-154.021c9.379-9.335 24.544-9.317 33.901.04l22.667 22.667c9.373 9.373 9.373 24.569 0 33.941L240.971 381.476c-9.373 9.372-24.569 9.372-33.942 0z\"><\/path><\/svg><\/span>\n\t\t<\/span>\n\n\t\t\t\t\t\t<\/summary>\n\t\t\t\t<div role=\"region\" aria-labelledby=\"e-n-accordion-item-2291\" class=\"elementor-element elementor-element-8c2ff67 e-con-full e-flex e-con e-child\" data-id=\"8c2ff67\" data-element_type=\"container\">\n\t\t\t\t<div class=\"elementor-element elementor-element-cd6b989 elementor-widget elementor-widget-heading\" data-id=\"cd6b989\" data-element_type=\"widget\" data-widget_type=\"heading.default\">\n\t\t\t\t<div class=\"elementor-widget-container\">\n\t\t\t\t\t<h2 class=\"elementor-heading-title elementor-size-default\">Derzeit keine offenen Stellen<\/h2>\t\t\t\t<\/div>\n\t\t\t\t<\/div>\n\t\t\t\t<\/div>\n\t\t\t\t\t<\/details>\n\t\t\t\t\t\t<details id=\"e-n-accordion-item-2292\" class=\"e-n-accordion-item\" >\n\t\t\t\t<summary class=\"e-n-accordion-item-title\" data-accordion-index=\"3\" tabindex=\"-1\" aria-expanded=\"false\" aria-controls=\"e-n-accordion-item-2292\" >\n\t\t\t\t\t<span class='e-n-accordion-item-title-header'><div class=\"e-n-accordion-item-title-text\"> Business Development <\/div><\/span>\n\t\t\t\t\t\t\t<span class='e-n-accordion-item-title-icon'>\n\t\t\t<span class='e-opened' ><svg aria-hidden=\"true\" class=\"e-font-icon-svg e-fas-chevron-up\" viewbox=\"0 0 448 512\" xmlns=\"http:\/\/www.w3.org\/2000\/svg\"><path d=\"M240.971 130.524l194.343 194.343c9.373 9.373 9.373 24.569 0 33.941l-22.667 22.667c-9.357 9.357-24.522 9.375-33.901.04L224 227.495 69.255 381.516c-9.379 9.335-24.544 9.317-33.901-.04l-22.667-22.667c-9.373-9.373-9.373-24.569 0-33.941L207.03 130.525c9.372-9.373 24.568-9.373 33.941-.001z\"><\/path><\/svg><\/span>\n\t\t\t<span class='e-closed'><svg aria-hidden=\"true\" class=\"e-font-icon-svg e-fas-chevron-down\" viewbox=\"0 0 448 512\" xmlns=\"http:\/\/www.w3.org\/2000\/svg\"><path d=\"M207.029 381.476L12.686 187.132c-9.373-9.373-9.373-24.569 0-33.941l22.667-22.667c9.357-9.357 24.522-9.375 33.901-.04L224 284.505l154.745-154.021c9.379-9.335 24.544-9.317 33.901.04l22.667 22.667c9.373 9.373 9.373 24.569 0 33.941L240.971 381.476c-9.373 9.372-24.569 9.372-33.942 0z\"><\/path><\/svg><\/span>\n\t\t<\/span>\n\n\t\t\t\t\t\t<\/summary>\n\t\t\t\t<div role=\"region\" aria-labelledby=\"e-n-accordion-item-2292\" class=\"elementor-element elementor-element-a8ddf92 e-con-full e-flex e-con e-child\" data-id=\"a8ddf92\" data-element_type=\"container\">\n\t\t\t\t<div class=\"elementor-element elementor-element-e73748b elementor-widget elementor-widget-heading\" data-id=\"e73748b\" data-element_type=\"widget\" data-widget_type=\"heading.default\">\n\t\t\t\t<div class=\"elementor-widget-container\">\n\t\t\t\t\t<h2 class=\"elementor-heading-title elementor-size-default\">Derzeit keine offenen Stellen<\/h2>\t\t\t\t<\/div>\n\t\t\t\t<\/div>\n\t\t\t\t<\/div>\n\t\t\t\t\t<\/details>\n\t\t\t\t\t\t<details id=\"e-n-accordion-item-2293\" class=\"e-n-accordion-item\" >\n\t\t\t\t<summary class=\"e-n-accordion-item-title\" data-accordion-index=\"4\" tabindex=\"-1\" aria-expanded=\"false\" aria-controls=\"e-n-accordion-item-2293\" >\n\t\t\t\t\t<span class='e-n-accordion-item-title-header'><div class=\"e-n-accordion-item-title-text\"> Vertrieb <\/div><\/span>\n\t\t\t\t\t\t\t<span class='e-n-accordion-item-title-icon'>\n\t\t\t<span class='e-opened' ><svg aria-hidden=\"true\" class=\"e-font-icon-svg e-fas-chevron-up\" viewbox=\"0 0 448 512\" xmlns=\"http:\/\/www.w3.org\/2000\/svg\"><path d=\"M240.971 130.524l194.343 194.343c9.373 9.373 9.373 24.569 0 33.941l-22.667 22.667c-9.357 9.357-24.522 9.375-33.901.04L224 227.495 69.255 381.516c-9.379 9.335-24.544 9.317-33.901-.04l-22.667-22.667c-9.373-9.373-9.373-24.569 0-33.941L207.03 130.525c9.372-9.373 24.568-9.373 33.941-.001z\"><\/path><\/svg><\/span>\n\t\t\t<span class='e-closed'><svg aria-hidden=\"true\" class=\"e-font-icon-svg e-fas-chevron-down\" viewbox=\"0 0 448 512\" xmlns=\"http:\/\/www.w3.org\/2000\/svg\"><path d=\"M207.029 381.476L12.686 187.132c-9.373-9.373-9.373-24.569 0-33.941l22.667-22.667c9.357-9.357 24.522-9.375 33.901-.04L224 284.505l154.745-154.021c9.379-9.335 24.544-9.317 33.901.04l22.667 22.667c9.373 9.373 9.373 24.569 0 33.941L240.971 381.476c-9.373 9.372-24.569 9.372-33.942 0z\"><\/path><\/svg><\/span>\n\t\t<\/span>\n\n\t\t\t\t\t\t<\/summary>\n\t\t\t\t<div role=\"region\" aria-labelledby=\"e-n-accordion-item-2293\" class=\"elementor-element elementor-element-bda13f6 e-con-full e-flex e-con e-child\" data-id=\"bda13f6\" data-element_type=\"container\">\n\t\t\t\t<div class=\"elementor-element elementor-element-bbcf890 elementor-widget elementor-widget-heading\" data-id=\"bbcf890\" data-element_type=\"widget\" data-widget_type=\"heading.default\">\n\t\t\t\t<div class=\"elementor-widget-container\">\n\t\t\t\t\t<h2 class=\"elementor-heading-title elementor-size-default\">Derzeit keine offenen Stellen<\/h2>\t\t\t\t<\/div>\n\t\t\t\t<\/div>\n\t\t\t\t<\/div>\n\t\t\t\t\t<\/details>\n\t\t\t\t\t<\/div>\n\t\t\t\t\t\t<\/div>\n\t\t\t\t<\/div>\n\t\t<div class=\"elementor-element elementor-element-e34e81c e-con-full e-flex e-con e-child\" data-id=\"e34e81c\" data-element_type=\"container\">\n\t\t\t\t<div class=\"elementor-element elementor-element-97a3956 elementor-widget elementor-widget-heading\" data-id=\"97a3956\" data-element_type=\"widget\" data-widget_type=\"heading.default\">\n\t\t\t\t<div class=\"elementor-widget-container\">\n\t\t\t\t\t<h2 class=\"elementor-heading-title elementor-size-default\">Ihre Initiative \u2013 unser n\u00e4chster Impuls.<\/h2>\t\t\t\t<\/div>\n\t\t\t\t<\/div>\n\t\t\t\t<div class=\"elementor-element elementor-element-55d2d24 elementor-widget elementor-widget-text-editor\" data-id=\"55d2d24\" data-element_type=\"widget\" data-widget_type=\"text-editor.default\">\n\t\t\t\t<div class=\"elementor-widget-container\">\n\t\t\t\t\t\t\t\t\t<p class=\"\" data-start=\"301\" data-end=\"675\">Wir freuen uns auch \u00fcber Initiativbewerbungen \u2013 besonders von Menschen, die nicht nur einen Job suchen, sondern eine Aufgabe mit Sinn. Erz\u00e4hlen Sie uns, was Sie antreibt, wo Sie Ihre St\u00e4rken sehen und warum IMF f\u00fcr Sie spannend ist.<br data-start=\"533\" data-end=\"536\" \/>Ob Technik, Entwicklung, Produktion oder Strategie \u2013 manchmal finden sich die besten Verbindungen au\u00dferhalb des klassischen Stellenprofils.<\/p><p class=\"\" data-start=\"677\" data-end=\"749\"><strong data-start=\"677\" data-end=\"749\">Wir sind offen f\u00fcr neue Perspektiven. Vielleicht bald auch f\u00fcr Ihre.<\/strong><\/p>\t\t\t\t\t\t\t\t<\/div>\n\t\t\t\t<\/div>\n\t\t\t\t<div class=\"elementor-element elementor-element-8fe80c9 elementor-widget elementor-widget-button\" data-id=\"8fe80c9\" data-element_type=\"widget\" data-widget_type=\"button.default\">\n\t\t\t\t<div class=\"elementor-widget-container\">\n\t\t\t\t\t\t\t\t\t<div class=\"elementor-button-wrapper\">\n\t\t\t\t\t<a class=\"elementor-button elementor-button-link elementor-size-sm\" href=\"mailto:info@imf-ag.com\">\n\t\t\t\t\t\t<span class=\"elementor-button-content-wrapper\">\n\t\t\t\t\t\t\t\t\t<span class=\"elementor-button-text\">Bewerben<\/span>\n\t\t\t\t\t<\/span>\n\t\t\t\t\t<\/a>\n\t\t\t\t<\/div>\n\t\t\t\t\t\t\t\t<\/div>\n\t\t\t\t<\/div>\n\t\t\t\t<\/div>\n\t\t\t\t<\/div>\n\t\t\t\t<\/div>\n\t\t\t\t<\/div>","protected":false},"excerpt":{"rendered":"<p>Karriere Was wir entwickeln, sch\u00fctzt Leben. Was Sie einbringen, z\u00e4hlt. Arbeiten, wo Material Zukunft bewegt. Technologie mit Sinn. Aufgaben mit Wirkung. Ein Team, das tr\u00e4gt. Die International Metal Foam AG ist nicht nur ein Ort f\u00fcr technische Exzellenz \u2013 sondern f\u00fcr Menschen, die neugierig denken, verantwortungsvoll handeln und mit ihrem Tun wirklich etwas bewegen wollen. [&hellip;]<\/p>","protected":false},"author":2,"featured_media":0,"parent":0,"menu_order":0,"comment_status":"closed","ping_status":"closed","template":"","meta":{"footnotes":""},"class_list":["post-5148","page","type-page","status-publish","hentry"],"yoast_head":"<!-- This site is optimized with the Yoast SEO plugin v24.9 - https:\/\/yoast.com\/wordpress\/plugins\/seo\/ -->\n<title>Karriere - International Metal Foam AG<\/title>\n<meta name=\"robots\" content=\"index, follow, max-snippet:-1, max-image-preview:large, max-video-preview:-1\" \/>\n<link rel=\"canonical\" href=\"https:\/\/imf-ag.91-227-33-25.plesk.page\/pt\/karriere\/\" \/>\n<meta property=\"og:locale\" content=\"pt_PT\" \/>\n<meta property=\"og:type\" content=\"article\" \/>\n<meta property=\"og:title\" content=\"Karriere - International Metal Foam AG\" \/>\n<meta property=\"og:description\" content=\"Karriere Was wir entwickeln, sch\u00fctzt Leben. Was Sie einbringen, z\u00e4hlt. Arbeiten, wo Material Zukunft bewegt. Technologie mit Sinn. Aufgaben mit Wirkung. Ein Team, das tr\u00e4gt. Die International Metal Foam AG ist nicht nur ein Ort f\u00fcr technische Exzellenz \u2013 sondern f\u00fcr Menschen, die neugierig denken, verantwortungsvoll handeln und mit ihrem Tun wirklich etwas bewegen wollen. [&hellip;]\" \/>\n<meta property=\"og:url\" content=\"https:\/\/imf-ag.91-227-33-25.plesk.page\/pt\/karriere\/\" \/>\n<meta property=\"og:site_name\" content=\"International Metal Foam AG\" \/>\n<meta property=\"article:modified_time\" content=\"2025-04-29T13:50:10+00:00\" \/>\n<meta name=\"twitter:card\" content=\"summary_large_image\" \/>\n<meta name=\"twitter:label1\" content=\"Tempo estimado de leitura\" \/>\n\t<meta name=\"twitter:data1\" content=\"2 minutos\" \/>\n<script type=\"application\/ld+json\" class=\"yoast-schema-graph\">{\"@context\":\"https:\/\/schema.org\",\"@graph\":[{\"@type\":\"WebPage\",\"@id\":\"https:\/\/imf-ag.91-227-33-25.plesk.page\/karriere\/\",\"url\":\"https:\/\/imf-ag.91-227-33-25.plesk.page\/karriere\/\",\"name\":\"Karriere - International Metal Foam AG\",\"isPartOf\":{\"@id\":\"https:\/\/imf-ag.91-227-33-25.plesk.page\/#website\"},\"datePublished\":\"2025-04-17T15:47:34+00:00\",\"dateModified\":\"2025-04-29T13:50:10+00:00\",\"breadcrumb\":{\"@id\":\"https:\/\/imf-ag.91-227-33-25.plesk.page\/karriere\/#breadcrumb\"},\"inLanguage\":\"pt-PT\",\"potentialAction\":[{\"@type\":\"ReadAction\",\"target\":[\"https:\/\/imf-ag.91-227-33-25.plesk.page\/karriere\/\"]}]},{\"@type\":\"BreadcrumbList\",\"@id\":\"https:\/\/imf-ag.91-227-33-25.plesk.page\/karriere\/#breadcrumb\",\"itemListElement\":[{\"@type\":\"ListItem\",\"position\":1,\"name\":\"Startseite\",\"item\":\"https:\/\/imf-ag.91-227-33-25.plesk.page\/\"},{\"@type\":\"ListItem\",\"position\":2,\"name\":\"Karriere\"}]},{\"@type\":\"WebSite\",\"@id\":\"https:\/\/imf-ag.91-227-33-25.plesk.page\/#website\",\"url\":\"https:\/\/imf-ag.91-227-33-25.plesk.page\/\",\"name\":\"International Metal Foam AG\",\"description\":\"\",\"potentialAction\":[{\"@type\":\"SearchAction\",\"target\":{\"@type\":\"EntryPoint\",\"urlTemplate\":\"https:\/\/imf-ag.91-227-33-25.plesk.page\/?s={search_term_string}\"},\"query-input\":{\"@type\":\"PropertyValueSpecification\",\"valueRequired\":true,\"valueName\":\"search_term_string\"}}],\"inLanguage\":\"pt-PT\"}]}<\/script>\n<!-- \/ Yoast SEO plugin. -->","yoast_head_json":{"title":"Karriere - International Metal Foam AG","robots":{"index":"index","follow":"follow","max-snippet":"max-snippet:-1","max-image-preview":"max-image-preview:large","max-video-preview":"max-video-preview:-1"},"canonical":"https:\/\/imf-ag.91-227-33-25.plesk.page\/pt\/karriere\/","og_locale":"pt_PT","og_type":"article","og_title":"Karriere - International Metal Foam AG","og_description":"Karriere Was wir entwickeln, sch\u00fctzt Leben. Was Sie einbringen, z\u00e4hlt. Arbeiten, wo Material Zukunft bewegt. Technologie mit Sinn. Aufgaben mit Wirkung. Ein Team, das tr\u00e4gt. Die International Metal Foam AG ist nicht nur ein Ort f\u00fcr technische Exzellenz \u2013 sondern f\u00fcr Menschen, die neugierig denken, verantwortungsvoll handeln und mit ihrem Tun wirklich etwas bewegen wollen. [&hellip;]","og_url":"https:\/\/imf-ag.91-227-33-25.plesk.page\/pt\/karriere\/","og_site_name":"International Metal Foam AG","article_modified_time":"2025-04-29T13:50:10+00:00","twitter_card":"summary_large_image","twitter_misc":{"Tempo estimado de leitura":"2 minutos"},"schema":{"@context":"https:\/\/schema.org","@graph":[{"@type":"WebPage","@id":"https:\/\/imf-ag.91-227-33-25.plesk.page\/karriere\/","url":"https:\/\/imf-ag.91-227-33-25.plesk.page\/karriere\/","name":"Karriere - International Metal Foam AG","isPartOf":{"@id":"https:\/\/imf-ag.91-227-33-25.plesk.page\/#website"},"datePublished":"2025-04-17T15:47:34+00:00","dateModified":"2025-04-29T13:50:10+00:00","breadcrumb":{"@id":"https:\/\/imf-ag.91-227-33-25.plesk.page\/karriere\/#breadcrumb"},"inLanguage":"pt-PT","potentialAction":[{"@type":"ReadAction","target":["https:\/\/imf-ag.91-227-33-25.plesk.page\/karriere\/"]}]},{"@type":"BreadcrumbList","@id":"https:\/\/imf-ag.91-227-33-25.plesk.page\/karriere\/#breadcrumb","itemListElement":[{"@type":"ListItem","position":1,"name":"Startseite","item":"https:\/\/imf-ag.91-227-33-25.plesk.page\/"},{"@type":"ListItem","position":2,"name":"Karriere"}]},{"@type":"WebSite","@id":"https:\/\/imf-ag.91-227-33-25.plesk.page\/#website","url":"https:\/\/imf-ag.91-227-33-25.plesk.page\/","name":"International Metal Foam AG","description":"","potentialAction":[{"@type":"SearchAction","target":{"@type":"EntryPoint","urlTemplate":"https:\/\/imf-ag.91-227-33-25.plesk.page\/?s={search_term_string}"},"query-input":{"@type":"PropertyValueSpecification","valueRequired":true,"valueName":"search_term_string"}}],"inLanguage":"pt-PT"}]}},"_links":{"self":[{"href":"https:\/\/imf-ag.91-227-33-25.plesk.page\/pt\/wp-json\/wp\/v2\/pages\/5148","targetHints":{"allow":["GET"]}}],"collection":[{"href":"https:\/\/imf-ag.91-227-33-25.plesk.page\/pt\/wp-json\/wp\/v2\/pages"}],"about":[{"href":"https:\/\/imf-ag.91-227-33-25.plesk.page\/pt\/wp-json\/wp\/v2\/types\/page"}],"author":[{"embeddable":true,"href":"https:\/\/imf-ag.91-227-33-25.plesk.page\/pt\/wp-json\/wp\/v2\/users\/2"}],"replies":[{"embeddable":true,"href":"https:\/\/imf-ag.91-227-33-25.plesk.page\/pt\/wp-json\/wp\/v2\/comments?post=5148"}],"version-history":[{"count":64,"href":"https:\/\/imf-ag.91-227-33-25.plesk.page\/pt\/wp-json\/wp\/v2\/pages\/5148\/revisions"}],"predecessor-version":[{"id":6953,"href":"https:\/\/imf-ag.91-227-33-25.plesk.page\/pt\/wp-json\/wp\/v2\/pages\/5148\/revisions\/6953"}],"wp:attachment":[{"href":"https:\/\/imf-ag.91-227-33-25.plesk.page\/pt\/wp-json\/wp\/v2\/media?parent=5148"}],"curies":[{"name":"wp","href":"https:\/\/api.w.org\/{rel}","templated":true}]}}