{"id":6463,"date":"2025-04-24T09:56:19","date_gmt":"2025-04-24T09:56:19","guid":{"rendered":"https:\/\/imf-ag.91-227-33-25.plesk.page\/?page_id=6463"},"modified":"2025-05-26T12:32:52","modified_gmt":"2025-05-26T12:32:52","slug":"impressum","status":"publish","type":"page","link":"https:\/\/imf-ag.91-227-33-25.plesk.page\/pt\/impressum\/","title":{"rendered":"Impress\u00e3o"},"content":{"rendered":"<div data-elementor-type=\"wp-page\" data-elementor-id=\"6463\" class=\"elementor elementor-6463\" data-elementor-post-type=\"page\">\n\t\t\t\t<div class=\"elementor-element elementor-element-89f9380 e-con-full e-flex e-con e-parent\" data-id=\"89f9380\" data-element_type=\"container\" data-settings=\"{&quot;background_background&quot;:&quot;classic&quot;}\">\n\t\t\t\t<\/div>\n\t\t<div class=\"elementor-element elementor-element-f875d08 e-con-full e-flex e-con e-parent\" data-id=\"f875d08\" data-element_type=\"container\">\n\t\t\t\t<div class=\"elementor-element elementor-element-4768b9e elementor-widget elementor-widget-text-editor\" data-id=\"4768b9e\" data-element_type=\"widget\" data-widget_type=\"text-editor.default\">\n\t\t\t\t<div class=\"elementor-widget-container\">\n\t\t\t\t\t\t\t\t\t<h2>Impress\u00e3o<\/h2><p>International Metal Foam AG<br \/>Zeltweg 11, CH-8023 Z\u00fcrich<\/p><p><strong>E-Mail:<\/strong> info@imf-ag.com<br \/><strong>Telefon:<\/strong> +41 44 256 16 07<br \/><strong>Website:<\/strong> imf-ag.com<br \/><strong>Verwaltungsrat:<\/strong> Frank Schiffer, Z\u00fcrich<br \/><strong>Verwaltungsrat:<\/strong> Prof. Dr.-Ing. Dirk Zielke, Brandenburg a. d. Havel<br \/><strong>Handelsregister:<\/strong> Handelsregister Z\u00fcrich<br \/><strong>UID-Nummer:<\/strong> CHE-106.156.173<\/p><h3>Rechtliche Hinweise<\/h3><p>EU-Streitschlichtung Verbraucher haben die M\u00f6glichkeit, Beschwerden an die Online-Streitbeilegungsplattform der EU zu richten: <a href=\"https:\/\/ec.europa.eu\/consumers\/odr\/main\">https:\/\/ec.europa.eu\/consumers\/odr\/main<\/a> oder ggf. wenn Sie in \u00d6sterreich leben: <a href=\"https:\/\/europakonsument.at\">https:\/\/europakonsument.at<\/a> . Sie k\u00f6nnen allf\u00e4llige Beschwerden auch an die oben angegebene E-Mail-Adresse richten.<\/p><p>Hinweis zur Streitbeilegung Wir sind nicht bereit oder verpflichtet, an Streitbeilegungsverfahren vor einer Verbraucherschlichtungsstelle teilzunehmen.<\/p><p>Haftungsausschluss f\u00fcr Inhalte und Links Wir sind bestrebt, die auf dieser Website bereitgestellten Inhalte laufend zu aktualisieren und korrekt darzustellen. Dennoch \u00fcbernehmen wir keine Gew\u00e4hr f\u00fcr die Richtigkeit, Vollst\u00e4ndigkeit und Aktualit\u00e4t der bereitgestellten Informationen, insbesondere solcher, die von Dritten stammen. Wir behalten uns das Recht vor, Inhalte ohne vorherige Ank\u00fcndigung zu \u00e4ndern, zu erg\u00e4nzen oder zu entfernen.<\/p><p>Unsere Website enth\u00e4lt Links zu externen Webseiten Dritter, auf deren Inhalte wir keinen Einfluss haben. F\u00fcr die Inhalte der verlinkten Seiten ist stets der jeweilige Anbieter oder Betreiber der Seiten verantwortlich. Zum Zeitpunkt der Verlinkung waren keine rechtswidrigen Inhalte erkennbar. Eine permanente inhaltliche Kontrolle der verlinkten Seiten ist jedoch ohne konkrete Anhaltspunkte einer Rechtsverletzung nicht zumutbar. Bei Bekanntwerden von Rechtsverletzungen werden derartige Links umgehend entfernt.<\/p><p>Urheberrechtshinweis Die auf dieser Website ver\u00f6ffentlichten Inhalte, einschlie\u00dflich Grafiken, Bilder, Fotos, Texte und Videos (nachfolgend \u201eInhalte\u201c genannt), unterliegen dem Urheberrecht. Wir sind bestrebt, ausschlie\u00dflich selbst erstellte Inhalte zu verwenden oder auf lizenzfreie Materialien zur\u00fcckzugreifen und dabei geltende Urheberrechte zu wahren.<\/p><p>F\u00fcr bestimmte auf dieser Website verwendete Grafiken, Bilder und Fotos wurden Lizenzen \u00fcber externe Anbieter erworben. Jede Nutzung dieser lizenzierten Inhalte erfolgt im Rahmen der jeweiligen Lizenzbedingungen. Eine Weiterverwendung, Vervielf\u00e4ltigung, Bearbeitung oder Verbreitung dieser Inhalte ist ohne unsere ausdr\u00fcckliche Zustimmung sowie ohne Beachtung der entsprechenden Lizenzbestimmungen nicht gestattet.<\/p><p>Die von uns selbst erstellten Inhalte dieser Website d\u00fcrfen ebenfalls nicht ohne vorherige schriftliche Genehmigung vervielf\u00e4ltigt, bearbeitet, verbreitet oder anderweitig verwertet werden.<\/p><p>Inhalte Dritter sind als solche gekennzeichnet, sofern sie nicht von uns stammen. Sollten Sie dennoch auf eine m\u00f6gliche Urheberrechtsverletzung aufmerksam werden, bitten wir Sie, uns umgehend zu informieren. Bei Bekanntwerden von Rechtsverletzungen werden wir betroffene Inhalte unverz\u00fcglich entfernen.<\/p>\t\t\t\t\t\t\t\t<\/div>\n\t\t\t\t<\/div>\n\t\t\t\t<\/div>\n\t\t\t\t<\/div>","protected":false},"excerpt":{"rendered":"<p>Impressum International Metal Foam AGZeltweg 11, CH-8023 Z\u00fcrich E-Mail: info@imf-ag.comTelefon: +41 44 256 16 07Website: imf-ag.comVerwaltungsrat: Frank Schiffer, Z\u00fcrichVerwaltungsrat: Prof. Dr.-Ing. Dirk Zielke, Brandenburg a. d. HavelHandelsregister: Handelsregister Z\u00fcrichUID-Nummer: CHE-106.156.173 Rechtliche Hinweise EU-Streitschlichtung Verbraucher haben die M\u00f6glichkeit, Beschwerden an die Online-Streitbeilegungsplattform der EU zu richten: https:\/\/ec.europa.eu\/consumers\/odr\/main oder ggf. wenn Sie in \u00d6sterreich leben: https:\/\/europakonsument.at . [&hellip;]<\/p>","protected":false},"author":1,"featured_media":0,"parent":0,"menu_order":0,"comment_status":"closed","ping_status":"closed","template":"","meta":{"footnotes":""},"class_list":["post-6463","page","type-page","status-publish","hentry"],"yoast_head":"<!-- This site is optimized with the Yoast SEO plugin v24.9 - https:\/\/yoast.com\/wordpress\/plugins\/seo\/ -->\n<title>Impressum - International Metal Foam AG<\/title>\n<meta name=\"robots\" content=\"index, follow, max-snippet:-1, max-image-preview:large, max-video-preview:-1\" \/>\n<link rel=\"canonical\" href=\"https:\/\/imf-ag.91-227-33-25.plesk.page\/pt\/impressum\/\" \/>\n<meta property=\"og:locale\" content=\"pt_PT\" \/>\n<meta property=\"og:type\" content=\"article\" \/>\n<meta property=\"og:title\" content=\"Impressum - International Metal Foam AG\" \/>\n<meta property=\"og:description\" content=\"Impressum International Metal Foam AGZeltweg 11, CH-8023 Z\u00fcrich E-Mail: info@imf-ag.comTelefon: +41 44 256 16 07Website: imf-ag.comVerwaltungsrat: Frank Schiffer, Z\u00fcrichVerwaltungsrat: Prof. Dr.-Ing. Dirk Zielke, Brandenburg a. d. HavelHandelsregister: Handelsregister Z\u00fcrichUID-Nummer: CHE-106.156.173 Rechtliche Hinweise EU-Streitschlichtung Verbraucher haben die M\u00f6glichkeit, Beschwerden an die Online-Streitbeilegungsplattform der EU zu richten: https:\/\/ec.europa.eu\/consumers\/odr\/main oder ggf. wenn Sie in \u00d6sterreich leben: https:\/\/europakonsument.at . [&hellip;]\" \/>\n<meta property=\"og:url\" content=\"https:\/\/imf-ag.91-227-33-25.plesk.page\/pt\/impressum\/\" \/>\n<meta property=\"og:site_name\" content=\"International Metal Foam AG\" \/>\n<meta property=\"article:modified_time\" content=\"2025-05-26T12:32:52+00:00\" \/>\n<meta name=\"twitter:card\" content=\"summary_large_image\" \/>\n<meta name=\"twitter:label1\" content=\"Tempo estimado de leitura\" \/>\n\t<meta name=\"twitter:data1\" content=\"2 minutos\" \/>\n<script type=\"application\/ld+json\" class=\"yoast-schema-graph\">{\"@context\":\"https:\/\/schema.org\",\"@graph\":[{\"@type\":\"WebPage\",\"@id\":\"https:\/\/imf-ag.91-227-33-25.plesk.page\/impressum\/\",\"url\":\"https:\/\/imf-ag.91-227-33-25.plesk.page\/impressum\/\",\"name\":\"Impressum - International Metal Foam AG\",\"isPartOf\":{\"@id\":\"https:\/\/imf-ag.91-227-33-25.plesk.page\/#website\"},\"datePublished\":\"2025-04-24T09:56:19+00:00\",\"dateModified\":\"2025-05-26T12:32:52+00:00\",\"breadcrumb\":{\"@id\":\"https:\/\/imf-ag.91-227-33-25.plesk.page\/impressum\/#breadcrumb\"},\"inLanguage\":\"pt-PT\",\"potentialAction\":[{\"@type\":\"ReadAction\",\"target\":[\"https:\/\/imf-ag.91-227-33-25.plesk.page\/impressum\/\"]}]},{\"@type\":\"BreadcrumbList\",\"@id\":\"https:\/\/imf-ag.91-227-33-25.plesk.page\/impressum\/#breadcrumb\",\"itemListElement\":[{\"@type\":\"ListItem\",\"position\":1,\"name\":\"Startseite\",\"item\":\"https:\/\/imf-ag.91-227-33-25.plesk.page\/\"},{\"@type\":\"ListItem\",\"position\":2,\"name\":\"Impressum\"}]},{\"@type\":\"WebSite\",\"@id\":\"https:\/\/imf-ag.91-227-33-25.plesk.page\/#website\",\"url\":\"https:\/\/imf-ag.91-227-33-25.plesk.page\/\",\"name\":\"International Metal Foam AG\",\"description\":\"\",\"potentialAction\":[{\"@type\":\"SearchAction\",\"target\":{\"@type\":\"EntryPoint\",\"urlTemplate\":\"https:\/\/imf-ag.91-227-33-25.plesk.page\/?s={search_term_string}\"},\"query-input\":{\"@type\":\"PropertyValueSpecification\",\"valueRequired\":true,\"valueName\":\"search_term_string\"}}],\"inLanguage\":\"pt-PT\"}]}<\/script>\n<!-- \/ Yoast SEO plugin. -->","yoast_head_json":{"title":"Impressum - International Metal Foam AG","robots":{"index":"index","follow":"follow","max-snippet":"max-snippet:-1","max-image-preview":"max-image-preview:large","max-video-preview":"max-video-preview:-1"},"canonical":"https:\/\/imf-ag.91-227-33-25.plesk.page\/pt\/impressum\/","og_locale":"pt_PT","og_type":"article","og_title":"Impressum - International Metal Foam AG","og_description":"Impressum International Metal Foam AGZeltweg 11, CH-8023 Z\u00fcrich E-Mail: info@imf-ag.comTelefon: +41 44 256 16 07Website: imf-ag.comVerwaltungsrat: Frank Schiffer, Z\u00fcrichVerwaltungsrat: Prof. Dr.-Ing. Dirk Zielke, Brandenburg a. d. HavelHandelsregister: Handelsregister Z\u00fcrichUID-Nummer: CHE-106.156.173 Rechtliche Hinweise EU-Streitschlichtung Verbraucher haben die M\u00f6glichkeit, Beschwerden an die Online-Streitbeilegungsplattform der EU zu richten: https:\/\/ec.europa.eu\/consumers\/odr\/main oder ggf. wenn Sie in \u00d6sterreich leben: https:\/\/europakonsument.at . [&hellip;]","og_url":"https:\/\/imf-ag.91-227-33-25.plesk.page\/pt\/impressum\/","og_site_name":"International Metal Foam AG","article_modified_time":"2025-05-26T12:32:52+00:00","twitter_card":"summary_large_image","twitter_misc":{"Tempo estimado de leitura":"2 minutos"},"schema":{"@context":"https:\/\/schema.org","@graph":[{"@type":"WebPage","@id":"https:\/\/imf-ag.91-227-33-25.plesk.page\/impressum\/","url":"https:\/\/imf-ag.91-227-33-25.plesk.page\/impressum\/","name":"Impressum - International Metal Foam AG","isPartOf":{"@id":"https:\/\/imf-ag.91-227-33-25.plesk.page\/#website"},"datePublished":"2025-04-24T09:56:19+00:00","dateModified":"2025-05-26T12:32:52+00:00","breadcrumb":{"@id":"https:\/\/imf-ag.91-227-33-25.plesk.page\/impressum\/#breadcrumb"},"inLanguage":"pt-PT","potentialAction":[{"@type":"ReadAction","target":["https:\/\/imf-ag.91-227-33-25.plesk.page\/impressum\/"]}]},{"@type":"BreadcrumbList","@id":"https:\/\/imf-ag.91-227-33-25.plesk.page\/impressum\/#breadcrumb","itemListElement":[{"@type":"ListItem","position":1,"name":"Startseite","item":"https:\/\/imf-ag.91-227-33-25.plesk.page\/"},{"@type":"ListItem","position":2,"name":"Impressum"}]},{"@type":"WebSite","@id":"https:\/\/imf-ag.91-227-33-25.plesk.page\/#website","url":"https:\/\/imf-ag.91-227-33-25.plesk.page\/","name":"International Metal Foam AG","description":"","potentialAction":[{"@type":"SearchAction","target":{"@type":"EntryPoint","urlTemplate":"https:\/\/imf-ag.91-227-33-25.plesk.page\/?s={search_term_string}"},"query-input":{"@type":"PropertyValueSpecification","valueRequired":true,"valueName":"search_term_string"}}],"inLanguage":"pt-PT"}]}},"_links":{"self":[{"href":"https:\/\/imf-ag.91-227-33-25.plesk.page\/pt\/wp-json\/wp\/v2\/pages\/6463","targetHints":{"allow":["GET"]}}],"collection":[{"href":"https:\/\/imf-ag.91-227-33-25.plesk.page\/pt\/wp-json\/wp\/v2\/pages"}],"about":[{"href":"https:\/\/imf-ag.91-227-33-25.plesk.page\/pt\/wp-json\/wp\/v2\/types\/page"}],"author":[{"embeddable":true,"href":"https:\/\/imf-ag.91-227-33-25.plesk.page\/pt\/wp-json\/wp\/v2\/users\/1"}],"replies":[{"embeddable":true,"href":"https:\/\/imf-ag.91-227-33-25.plesk.page\/pt\/wp-json\/wp\/v2\/comments?post=6463"}],"version-history":[{"count":25,"href":"https:\/\/imf-ag.91-227-33-25.plesk.page\/pt\/wp-json\/wp\/v2\/pages\/6463\/revisions"}],"predecessor-version":[{"id":7935,"href":"https:\/\/imf-ag.91-227-33-25.plesk.page\/pt\/wp-json\/wp\/v2\/pages\/6463\/revisions\/7935"}],"wp:attachment":[{"href":"https:\/\/imf-ag.91-227-33-25.plesk.page\/pt\/wp-json\/wp\/v2\/media?parent=6463"}],"curies":[{"name":"wp","href":"https:\/\/api.w.org\/{rel}","templated":true}]}}